{"id":86,"date":"2022-04-01T11:46:51","date_gmt":"2022-04-01T11:46:51","guid":{"rendered":"http:\/\/greenly-demo.pbminfotech.com\/elementor-site7\/?page_id=10664"},"modified":"2022-04-01T11:46:51","modified_gmt":"2022-04-01T11:46:51","slug":"blog-grid-view","status":"publish","type":"page","link":"https:\/\/essentialsolarservices.com\/es\/blog-grid-view\/","title":{"rendered":"Vista en Rejilla del Blog"},"content":{"rendered":"<div data-elementor-type=\"wp-page\" data-elementor-id=\"86\" class=\"elementor elementor-86\">\n\t\t\t\t\t\t<section class=\"elementor-section elementor-top-section elementor-element elementor-element-74936d65 cspt-bg-color-yes cspt-elementor-bg-color-white cspt-col-stretched-none cspt-bg-color-over-image elementor-section-boxed elementor-section-height-default elementor-section-height-default\" data-id=\"74936d65\" data-element_type=\"section\" data-e-type=\"section\">\n\t\t\t\t\t\t<div class=\"elementor-container elementor-column-gap-default\">\n\t\t\t\t\t<div class=\"elementor-column elementor-col-100 elementor-top-column elementor-element elementor-element-71bd8110 cspt-bg-color-over-image\" data-id=\"71bd8110\" data-element_type=\"column\" data-e-type=\"column\">\n\t\t\t<div class=\"elementor-widget-wrap elementor-element-populated\">\n\t\t\t\t\t\t<div class=\"elementor-element elementor-element-4cd6c942 elementor-widget elementor-widget-cspt_blog_element\" data-id=\"4cd6c942\" data-element_type=\"widget\" data-e-type=\"widget\" data-widget_type=\"cspt_blog_element.default\">\n\t\t\t\t<div class=\"elementor-widget-container\">\n\t\t\t\t\t\r\n\t\t<div class=\"creativesplanet-element creativesplanet-element-blog cspt-element-blog-style-1 creativesplanet-element-viewtype-row-column creativesplanet-gap-30px\" data-show=\"12\" data-columns=\"3\" data-loop=\"false\" data-autoplay=\"false\" data-center=\"false\" data-nav=\"false\" data-dots=\"false\" data-autoplayspeed=\"1000\" data-margin=\"30px\"><div class=\"creativesplanet-element-inner\">\r\n\t\t\r\n\t\t\t<div class=\"cspt-ele-header-area\">\r\n\t\t\t\t\t<div class=\"cspt-heading-subheading left-align\"><\/div>\r\n\t\t\t\t\r\n\t\t\t<\/div>\r\n\r\n\t\t\t<div class=\"cspt-element-posts-wrapper row multi-columns-row\">\r\n\r\n\t\t\t<div class=\"cspt-ele cspt-blog-ele col-md-4 solar-energy cspt-term-33 solar-solutions cspt-term-35\"><article class=\"creativesplanet-ele creativesplanet-ele-blog cspt-blogbox-style-1 post-1018 post type-post status-publish format-standard has-post-thumbnail hentry category-solar-energy category-solar-solutions tag-sustainable-future\">\r\n\t<div class=\"post-item\">\r\n\t\t<div class=\"cspt-featured-container\">\r\n\t\t\t<div class=\"cspt-featured-wrapper\"><a href=\"https:\/\/essentialsolarservices.com\/es\/2024\/12\/02\/nonprofits-making-the-switch-to-solar-power-how-renewable-energy-is-transforming-operations-and-costs\/\"><img fetchpriority=\"high\" decoding=\"async\" width=\"770\" height=\"500\" src=\"https:\/\/essentialsolarservices.com\/wp-content\/uploads\/2024\/11\/Renewable-energy-solutions-10-ESS-1200x1000-1-770x500.png?wsr\" class=\"attachment-cspt-img-770x500 size-cspt-img-770x500 wp-post-image\" alt=\"\" data-id=\"999\" \/><\/a><\/div>\t\t\t\r\n\t\t<\/div>\r\n\t\t<div class=\"creativesplanet-box-content\">\t\r\n\t\t\t<div class=\"cspt-meta-container\">\r\n\t\t\t\t<div class=\"cspt-meta-date-wrapper cspt-meta-line\">\t\t\t\t\t\r\n\t\t\t\t\t<div class=\"cspt-meta-date\">02 de diciembre, 2024<\/div>\r\n\t\t\t\t<\/div>\r\n\t\t\t\t\t\t\t\t<div class=\"cspt-meta-category-wrapper cspt-meta-line\">\t\t\t\t\t\r\n\t\t\t\t\t<div class=\"cspt-meta-category\"><a href=\"https:\/\/essentialsolarservices.com\/es\/solar-energy\/\" rel=\"category tag\">Energ\u00eda solar<\/a>, <a href=\"https:\/\/essentialsolarservices.com\/es\/solar-solutions\/\" rel=\"category tag\">Soluciones solares<\/a><\/div>\r\n\t\t\t\t<\/div>\r\n\t\t\t\t\t\t\t<\/div>\r\n\t\t\t<h3 class=\"cspt-post-title\"><a href=\"https:\/\/essentialsolarservices.com\/es\/2024\/12\/02\/nonprofits-making-the-switch-to-solar-power-how-renewable-energy-is-transforming-operations-and-costs\/\">Las Organizaciones Sin Fines de Lucro Hacen el Cambio a la Energ\u00eda Solar: C\u00f3mo la Energ\u00eda Renovable Est\u00e1 Transformando Operaciones y Costos<\/a><\/h3>\r\n\t\t\t<div class=\"creativesplanet-box-desc\">\r\n\t\t\t\t<div class=\"creativesplanet-box-desc-footer\">\r\n\t\t\t\t\t<div class=\"cspt-read-more-link\">\r\n\t\t\t\t\t\t<a href=\"https:\/\/essentialsolarservices.com\/es\/2024\/12\/02\/nonprofits-making-the-switch-to-solar-power-how-renewable-energy-is-transforming-operations-and-costs\/\">Leer M\u00e1s<\/a>\r\n\t\t\t\t\t<\/div>\r\n\t\t\t\t<\/div>\r\n\t\t\t<\/div>\r\n\t\t<\/div>\r\n\t<\/div>\r\n<\/article><\/div><div class=\"cspt-ele cspt-blog-ele col-md-4 solar-solutions cspt-term-35\"><article class=\"creativesplanet-ele creativesplanet-ele-blog cspt-blogbox-style-1 post-61 post type-post status-publish format-standard has-post-thumbnail hentry category-solar-solutions tag-sustainable-future\">\r\n\t<div class=\"post-item\">\r\n\t\t<div class=\"cspt-featured-container\">\r\n\t\t\t<div class=\"cspt-featured-wrapper\"><a href=\"https:\/\/essentialsolarservices.com\/es\/2024\/12\/02\/metal-roofing-the-best-for-solar-panels\/\"><img decoding=\"async\" width=\"770\" height=\"500\" src=\"https:\/\/essentialsolarservices.com\/wp-content\/uploads\/2019\/01\/Solar-Energy-Insights-and-Solutions-Blog-ess-Commercial-Solar-Solutions-1200x100-1-770x500.webp?wsr\" class=\"attachment-cspt-img-770x500 size-cspt-img-770x500 wp-post-image\" alt=\"\" data-id=\"1015\" \/><\/a><\/div>\t\t\t\r\n\t\t<\/div>\r\n\t\t<div class=\"creativesplanet-box-content\">\t\r\n\t\t\t<div class=\"cspt-meta-container\">\r\n\t\t\t\t<div class=\"cspt-meta-date-wrapper cspt-meta-line\">\t\t\t\t\t\r\n\t\t\t\t\t<div class=\"cspt-meta-date\">02 de diciembre, 2024<\/div>\r\n\t\t\t\t<\/div>\r\n\t\t\t\t\t\t\t\t<div class=\"cspt-meta-category-wrapper cspt-meta-line\">\t\t\t\t\t\r\n\t\t\t\t\t<div class=\"cspt-meta-category\"><a href=\"https:\/\/essentialsolarservices.com\/es\/solar-solutions\/\" rel=\"category tag\">Soluciones solares<\/a><\/div>\r\n\t\t\t\t<\/div>\r\n\t\t\t\t\t\t\t<\/div>\r\n\t\t\t<h3 class=\"cspt-post-title\"><a href=\"https:\/\/essentialsolarservices.com\/es\/2024\/12\/02\/metal-roofing-the-best-for-solar-panels\/\">C\u00f3mo las Organizaciones Sin Fines de Lucro Pueden Beneficiarse de las Soluciones Solares Comerciales<\/a><\/h3>\r\n\t\t\t<div class=\"creativesplanet-box-desc\">\r\n\t\t\t\t<div class=\"creativesplanet-box-desc-footer\">\r\n\t\t\t\t\t<div class=\"cspt-read-more-link\">\r\n\t\t\t\t\t\t<a href=\"https:\/\/essentialsolarservices.com\/es\/2024\/12\/02\/metal-roofing-the-best-for-solar-panels\/\">Leer M\u00e1s<\/a>\r\n\t\t\t\t\t<\/div>\r\n\t\t\t\t<\/div>\r\n\t\t\t<\/div>\r\n\t\t<\/div>\r\n\t<\/div>\r\n<\/article><\/div><div class=\"cspt-ele cspt-blog-ele col-md-4 news-events cspt-term-34 solar-energy cspt-term-33\"><article class=\"creativesplanet-ele creativesplanet-ele-blog cspt-blogbox-style-1 post-60 post type-post status-publish format-standard has-post-thumbnail hentry category-news-events category-solar-energy tag-energy\">\r\n\t<div class=\"post-item\">\r\n\t\t<div class=\"cspt-featured-container\">\r\n\t\t\t<div class=\"cspt-featured-wrapper\"><a href=\"https:\/\/essentialsolarservices.com\/es\/2024\/12\/02\/growth-of-clean-energy-part-of-solution-not-a-problem\/\"><img decoding=\"async\" width=\"770\" height=\"500\" src=\"https:\/\/essentialsolarservices.com\/wp-content\/uploads\/2019\/06\/Solar-Energy-Insights-and-Solutions-Blog-ess-1200x100-1-770x500.webp?wsr\" class=\"attachment-cspt-img-770x500 size-cspt-img-770x500 wp-post-image\" alt=\"\" data-id=\"1008\" \/><\/a><\/div>\t\t\t\r\n\t\t<\/div>\r\n\t\t<div class=\"creativesplanet-box-content\">\t\r\n\t\t\t<div class=\"cspt-meta-container\">\r\n\t\t\t\t<div class=\"cspt-meta-date-wrapper cspt-meta-line\">\t\t\t\t\t\r\n\t\t\t\t\t<div class=\"cspt-meta-date\">02 de diciembre, 2024<\/div>\r\n\t\t\t\t<\/div>\r\n\t\t\t\t\t\t\t\t<div class=\"cspt-meta-category-wrapper cspt-meta-line\">\t\t\t\t\t\r\n\t\t\t\t\t<div class=\"cspt-meta-category\"><a href=\"https:\/\/essentialsolarservices.com\/es\/news-events\/\" rel=\"category tag\">Noticias y eventos<\/a>, <a href=\"https:\/\/essentialsolarservices.com\/es\/solar-energy\/\" rel=\"category tag\">Energ\u00eda solar<\/a><\/div>\r\n\t\t\t\t<\/div>\r\n\t\t\t\t\t\t\t<\/div>\r\n\t\t\t<h3 class=\"cspt-post-title\"><a href=\"https:\/\/essentialsolarservices.com\/es\/2024\/12\/02\/growth-of-clean-energy-part-of-solution-not-a-problem\/\">Power Up: Consideraciones financieras para la energ\u00eda solar: PREG\u00daNTALE AL EXPERTO: POWER UP CON AMY\u2019S ROOFING &amp; SOLAR<\/a><\/h3>\r\n\t\t\t<div class=\"creativesplanet-box-desc\">\r\n\t\t\t\t<div class=\"creativesplanet-box-desc-footer\">\r\n\t\t\t\t\t<div class=\"cspt-read-more-link\">\r\n\t\t\t\t\t\t<a href=\"https:\/\/essentialsolarservices.com\/es\/2024\/12\/02\/growth-of-clean-energy-part-of-solution-not-a-problem\/\">Leer M\u00e1s<\/a>\r\n\t\t\t\t\t<\/div>\r\n\t\t\t\t<\/div>\r\n\t\t\t<\/div>\r\n\t\t<\/div>\r\n\t<\/div>\r\n<\/article><\/div>\r\n\t\t\t<\/div>\r\n\r\n\t\t\t\r\n\t\t\r\n\t\t<\/div><!-- .creativesplanet-element-inner -->   <\/div><!-- .creativesplanet-element -->  \r\n\t    \t\t\t\t<\/div>\n\t\t\t\t<\/div>\n\t\t\t\t\t<\/div>\n\t\t<\/div>\n\t\t\t\t\t<\/div>\n\t\t<\/section>\n\t\t\t\t<\/div>","protected":false},"excerpt":{"rendered":"<p>23 Apr, 2021 Electricity Metal Roofing: The Best for Solar Panels Read More 09 Apr, 2021 Solar Pannels Growth of Clean Energy Part of Solution Read More 22 Apr, 2020 Wind Mill Bill Gates Launches Clean Energy Investment Fund Read More 20 Jan, 2019 Electricity Colgate-Palmolive Renews with Morz in Malaysia Soon Read More 17 Jan, 2019 Electricity 5 energy innovations revolution the developing world Read More 15 Jan, 2019[&hellip;]<\/p>\n","protected":false},"author":1,"featured_media":0,"parent":0,"menu_order":21,"comment_status":"closed","ping_status":"closed","template":"","meta":{"_acf_changed":false,"_themeisle_gutenberg_block_has_review":false,"footnotes":""},"class_list":["post-86","page","type-page","status-publish","hentry"],"acf":[],"_links":{"self":[{"href":"https:\/\/essentialsolarservices.com\/es\/wp-json\/wp\/v2\/pages\/86","targetHints":{"allow":["GET"]}}],"collection":[{"href":"https:\/\/essentialsolarservices.com\/es\/wp-json\/wp\/v2\/pages"}],"about":[{"href":"https:\/\/essentialsolarservices.com\/es\/wp-json\/wp\/v2\/types\/page"}],"author":[{"embeddable":true,"href":"https:\/\/essentialsolarservices.com\/es\/wp-json\/wp\/v2\/users\/1"}],"replies":[{"embeddable":true,"href":"https:\/\/essentialsolarservices.com\/es\/wp-json\/wp\/v2\/comments?post=86"}],"version-history":[{"count":0,"href":"https:\/\/essentialsolarservices.com\/es\/wp-json\/wp\/v2\/pages\/86\/revisions"}],"wp:attachment":[{"href":"https:\/\/essentialsolarservices.com\/es\/wp-json\/wp\/v2\/media?parent=86"}],"curies":[{"name":"wp","href":"https:\/\/api.w.org\/{rel}","templated":true}]}}