{"id":76,"date":"2022-04-05T09:21:46","date_gmt":"2022-04-05T09:21:46","guid":{"rendered":"https:\/\/greenly-demo.pbminfotech.com\/elementor-datasite\/?page_id=26144"},"modified":"2022-04-05T09:21:46","modified_gmt":"2022-04-05T09:21:46","slug":"about-us-1","status":"publish","type":"page","link":"https:\/\/essentialsolarservices.com\/es\/about-us-1\/","title":{"rendered":"About Us 1"},"content":{"rendered":"<div data-elementor-type=\"wp-page\" data-elementor-id=\"76\" class=\"elementor elementor-76\">\n\t\t\t\t\t\t<section class=\"elementor-section elementor-top-section elementor-element elementor-element-4ac1e85c cspt-col-stretched-none cspt-bg-color-over-image elementor-section-boxed elementor-section-height-default elementor-section-height-default\" data-id=\"4ac1e85c\" data-element_type=\"section\" data-e-type=\"section\">\n\t\t\t\t\t\t<div class=\"elementor-container elementor-column-gap-default\">\n\t\t\t\t\t<div class=\"elementor-column elementor-col-50 elementor-top-column elementor-element elementor-element-11ae4036 cspt-bg-color-over-image\" data-id=\"11ae4036\" data-element_type=\"column\" data-e-type=\"column\">\n\t\t\t<div class=\"elementor-widget-wrap elementor-element-populated\">\n\t\t\t\t\t\t<div class=\"elementor-element elementor-element-5dc42c6 elementor-widget elementor-widget-image\" data-id=\"5dc42c6\" data-element_type=\"widget\" data-e-type=\"widget\" data-widget_type=\"image.default\">\n\t\t\t\t<div class=\"elementor-widget-container\">\n\t\t\t\t\t\t\t\t\t\t\t\t\t\t\t<img decoding=\"async\" src=\"https:\/\/essentialsolarservices.com\/wp-content\/uploads\/elementor\/thumbs\/img-05-qvg7bziuus6wpdpsadz5rfu5vu91o184xz7ydh8vp8.jpg\" title=\"img-05\" alt=\"img-05\" loading=\"lazy\" \/>\t\t\t\t\t\t\t\t\t\t\t\t\t\t\t<\/div>\n\t\t\t\t<\/div>\n\t\t\t\t\t<\/div>\n\t\t<\/div>\n\t\t\t\t<div class=\"elementor-column elementor-col-50 elementor-top-column elementor-element elementor-element-578dd8ca cspt-bg-color-over-image\" data-id=\"578dd8ca\" data-element_type=\"column\" data-e-type=\"column\">\n\t\t\t<div class=\"elementor-widget-wrap elementor-element-populated\">\n\t\t\t\t\t\t<div class=\"elementor-element elementor-element-1a38c85c elementor-widget elementor-widget-image\" data-id=\"1a38c85c\" data-element_type=\"widget\" data-e-type=\"widget\" data-widget_type=\"image.default\">\n\t\t\t\t<div class=\"elementor-widget-container\">\n\t\t\t\t\t\t\t\t\t\t\t\t\t\t\t<img decoding=\"async\" src=\"https:\/\/essentialsolarservices.com\/wp-content\/uploads\/elementor\/thumbs\/img-04-qvg7btvtprz6rpxz7bjech9ebj0udulqx7b1hth8qk.jpg\" title=\"img-04\" alt=\"img-04\" loading=\"lazy\" \/>\t\t\t\t\t\t\t\t\t\t\t\t\t\t\t<\/div>\n\t\t\t\t<\/div>\n\t\t\t\t\t<\/div>\n\t\t<\/div>\n\t\t\t\t\t<\/div>\n\t\t<\/section>\n\t\t\t\t<section class=\"elementor-section elementor-top-section elementor-element elementor-element-699b8c80 cspt-col-stretched-none cspt-bg-color-over-image elementor-section-boxed elementor-section-height-default elementor-section-height-default\" data-id=\"699b8c80\" data-element_type=\"section\" data-e-type=\"section\">\n\t\t\t\t\t\t<div class=\"elementor-container elementor-column-gap-no\">\n\t\t\t\t\t<div class=\"elementor-column elementor-col-33 elementor-top-column elementor-element elementor-element-f4fa71a cspt-bg-color-over-image\" data-id=\"f4fa71a\" data-element_type=\"column\" data-e-type=\"column\">\n\t\t\t<div class=\"elementor-widget-wrap elementor-element-populated\">\n\t\t\t\t\t\t<div class=\"elementor-element elementor-element-27abd9eb cspt-align-left elementor-widget elementor-widget-cspt_heading\" data-id=\"27abd9eb\" data-element_type=\"widget\" data-e-type=\"widget\" data-widget_type=\"cspt_heading.default\">\n\t\t\t\t<div class=\"elementor-widget-container\">\n\t\t\t\t\t\t<div class=\"cspt-heading-subheading left-align cspt-reverse-heading-yes\"><h4 class=\"cspt-element-subtitle\">\r\n\t\t\t\r\n\t\t\t\tSobre Nosotros\r\n\t\t\t\r\n\t\t\t<\/h4>\r\n\t\t<h2 class=\"cspt-element-title\">\r\n\t\t\t\r\n\t\t\t\tEnergy Generated From Natural Resources!\r\n\t\t\t\r\n\t\t\t<\/h2>\r\n\t\t<\/div>\t\t\t\t<\/div>\n\t\t\t\t<\/div>\n\t\t\t\t\t<\/div>\n\t\t<\/div>\n\t\t\t\t<div class=\"elementor-column elementor-col-33 elementor-top-column elementor-element elementor-element-3e89222e cspt-bg-color-over-image\" data-id=\"3e89222e\" data-element_type=\"column\" data-e-type=\"column\">\n\t\t\t<div class=\"elementor-widget-wrap elementor-element-populated\">\n\t\t\t\t\t\t<div class=\"elementor-element elementor-element-601bf7ad elementor-widget elementor-widget-text-editor\" data-id=\"601bf7ad\" data-element_type=\"widget\" data-e-type=\"widget\" data-widget_type=\"text-editor.default\">\n\t\t\t\t<div class=\"elementor-widget-container\">\n\t\t\t\t\t\t\t\t\tWe have been destroying the forests for whatever reasons for many years. Forests that work much like our lungs It is a long established fact that a reader will be distracted by the readable content of a page.\t\t\t\t\t\t\t\t<\/div>\n\t\t\t\t<\/div>\n\t\t\t\t\t<\/div>\n\t\t<\/div>\n\t\t\t\t<div class=\"elementor-column elementor-col-33 elementor-top-column elementor-element elementor-element-60fbf374 cspt-bg-color-over-image\" data-id=\"60fbf374\" data-element_type=\"column\" data-e-type=\"column\">\n\t\t\t<div class=\"elementor-widget-wrap elementor-element-populated\">\n\t\t\t\t\t\t<div class=\"elementor-element elementor-element-5283d03 elementor-widget elementor-widget-text-editor\" data-id=\"5283d03\" data-element_type=\"widget\" data-e-type=\"widget\" data-widget_type=\"text-editor.default\">\n\t\t\t\t<div class=\"elementor-widget-container\">\n\t\t\t\t\t\t\t\t\tWe have been destroying the forests for whatever reasons for many years. Forests that work much like our lungs It is a long established fact that a reader will be distracted by the readable content of a page.\t\t\t\t\t\t\t\t<\/div>\n\t\t\t\t<\/div>\n\t\t\t\t\t<\/div>\n\t\t<\/div>\n\t\t\t\t\t<\/div>\n\t\t<\/section>\n\t\t\t\t<section class=\"elementor-section elementor-top-section elementor-element elementor-element-207ad645 cspt-bg-color-yes cspt-elementor-bg-color-light elementor-section-stretched cspt-col-stretched-none cspt-bg-color-over-image elementor-section-boxed elementor-section-height-default elementor-section-height-default\" data-id=\"207ad645\" data-element_type=\"section\" data-e-type=\"section\" data-settings=\"{&quot;stretch_section&quot;:&quot;section-stretched&quot;}\">\n\t\t\t\t\t\t<div class=\"elementor-container elementor-column-gap-extended\">\n\t\t\t\t\t<div class=\"elementor-column elementor-col-100 elementor-top-column elementor-element elementor-element-53b04ba8 cspt-bg-color-over-image\" data-id=\"53b04ba8\" data-element_type=\"column\" data-e-type=\"column\">\n\t\t\t<div class=\"elementor-widget-wrap elementor-element-populated\">\n\t\t\t\t\t\t<div class=\"elementor-element elementor-element-6f7839d9 cspt-align-center elementor-widget elementor-widget-cspt_multiple_icon_heading\" data-id=\"6f7839d9\" data-element_type=\"widget\" data-e-type=\"widget\" data-widget_type=\"cspt_multiple_icon_heading.default\">\n\t\t\t\t<div class=\"elementor-widget-container\">\n\t\t\t\t\t<div class=\"creativesplanet-element creativesplanet-element-miconheading cspt-element-miconheading-style-1 creativesplanet-element-viewtype-row-column\" data-show=\"3\" data-columns=\"4\" data-loop=\"false\" data-autoplay=\"false\" data-center=\"false\" data-nav=\"false\" data-dots=\"false\" data-autoplayspeed=\"1000\" data-margin=\"\"><div class=\"creativesplanet-element-inner\">\r\n\t\t<div class=\"cspt-ele-header-area\">\r\n\t\t\t\t<div class=\"cspt-heading-subheading center-align cspt-reverse-heading-yes\"><h4 class=\"cspt-element-subtitle\">\r\n\t\t\t\r\n\t\t\t\tWHY CHOOSE US\r\n\t\t\t\r\n\t\t\t<\/h4>\r\n\t\t<h2 class=\"cspt-element-title\">\r\n\t\t\t\r\n\t\t\t\tProduce Your Own Clean Save our<\/br>\nthe Environment\r\n\t\t\t\r\n\t\t\t<\/h2>\r\n\t\t<\/div>\t\t<\/div>\r\n\r\n\t\t<div class=\"cspt-element-posts-wrapper row multi-columns-row\">\r\n\r\n\t\t<div class=\"cspt-ele cspt-miconheading-ele col-md-6 col-lg-3\"><div class=\"cspt-ihbox cspt-ihbox-style-1\"><div class=\"cspt-ihbox cspt-ihbox-style-\">\r\n\t<div class=\"cspt-ihbox-icon\"><div class=\"cspt-ihbox-icon-wrapper\"><i class=\"cspt-greenly-icon cspt-greenly-icon-windmill\"><\/i><\/div><\/div>\t<div class=\"cspt-ihbox-contents\">\r\n\t\t<h2 class=\"cspt-element-title\">\r\n\t\t\t\t\t\t\t\r\n\t\t\t\t\t\t\t\tPeak Shaving\r\n\t\t\t\t\t\t\t\r\n\t\t\t\t\t\t\t<\/h2>\r\n\t\t\t\t\t\t\t\t\t\t<div class=\"cspt-heading-desc\">A Company involved in servicing, maintenance and repairs of engines, prime movers\u2026<\/div>\t\t<div class=\"cspt-ihbox-btn\"><a href=\"#\"><span>Leer M\u00e1s<\/span><\/a><\/div>\t<\/div><!-- .cspt-ihbox-contents -->\r\n<\/div>\r\n<\/div><\/div><div class=\"cspt-ele cspt-miconheading-ele col-md-6 col-lg-3\"><div class=\"cspt-ihbox cspt-ihbox-style-1\"><div class=\"cspt-ihbox cspt-ihbox-style-\">\r\n\t<div class=\"cspt-ihbox-icon\"><div class=\"cspt-ihbox-icon-wrapper\"><i class=\"cspt-greenly-icon cspt-greenly-icon-greenhouse\"><\/i><\/div><\/div>\t<div class=\"cspt-ihbox-contents\">\r\n\t\t<h2 class=\"cspt-element-title\">\r\n\t\t\t\t\t\t\t\r\n\t\t\t\t\t\t\t\tDemand Response\r\n\t\t\t\t\t\t\t\r\n\t\t\t\t\t\t\t<\/h2>\r\n\t\t\t\t\t\t\t\t\t\t<div class=\"cspt-heading-desc\">A Company involved in servicing, maintenance and repairs of engines, prime movers\u2026<\/div>\t\t<div class=\"cspt-ihbox-btn\"><a href=\"#\"><span>Leer M\u00e1s<\/span><\/a><\/div>\t<\/div><!-- .cspt-ihbox-contents -->\r\n<\/div>\r\n<\/div><\/div><div class=\"cspt-ele cspt-miconheading-ele col-md-6 col-lg-3\"><div class=\"cspt-ihbox cspt-ihbox-style-1\"><div class=\"cspt-ihbox cspt-ihbox-style-\">\r\n\t<div class=\"cspt-ihbox-icon\"><div class=\"cspt-ihbox-icon-wrapper\"><i class=\"cspt-greenly-icon cspt-greenly-icon-solar-panel\"><\/i><\/div><\/div>\t<div class=\"cspt-ihbox-contents\">\r\n\t\t<h2 class=\"cspt-element-title\">\r\n\t\t\t\t\t\t\t\r\n\t\t\t\t\t\t\t\tLoad Shifting\r\n\t\t\t\t\t\t\t\r\n\t\t\t\t\t\t\t<\/h2>\r\n\t\t\t\t\t\t\t\t\t\t<div class=\"cspt-heading-desc\">A Company involved in servicing, maintenance and repairs of engines, prime movers\u2026<\/div>\t\t<div class=\"cspt-ihbox-btn\"><a href=\"#\"><span>Leer M\u00e1s<\/span><\/a><\/div>\t<\/div><!-- .cspt-ihbox-contents -->\r\n<\/div>\r\n<\/div><\/div><div class=\"cspt-ele cspt-miconheading-ele col-md-6 col-lg-3\"><div class=\"cspt-ihbox cspt-ihbox-style-1\"><div class=\"cspt-ihbox cspt-ihbox-style-\">\r\n\t<div class=\"cspt-ihbox-icon\"><div class=\"cspt-ihbox-icon-wrapper\"><i class=\"cspt-greenly-icon cspt-greenly-icon-flask\"><\/i><\/div><\/div>\t<div class=\"cspt-ihbox-contents\">\r\n\t\t<h2 class=\"cspt-element-title\">\r\n\t\t\t\t\t\t\t\r\n\t\t\t\t\t\t\t\tRenewable\r\n\t\t\t\t\t\t\t\r\n\t\t\t\t\t\t\t<\/h2>\r\n\t\t\t\t\t\t\t\t\t\t<div class=\"cspt-heading-desc\">A Company involved in servicing, maintenance and repairs of engines, prime movers\u2026<\/div>\t\t<div class=\"cspt-ihbox-btn\"><a href=\"#\"><span>Leer M\u00e1s<\/span><\/a><\/div>\t<\/div><!-- .cspt-ihbox-contents -->\r\n<\/div>\r\n<\/div><\/div>\r\n\t\t<\/div>\r\n\r\n\t\t<\/div><!-- .creativesplanet-element-inner -->   <\/div><!-- .creativesplanet-element -->  \t\t\t\t<\/div>\n\t\t\t\t<\/div>\n\t\t\t\t\t<\/div>\n\t\t<\/div>\n\t\t\t\t\t<\/div>\n\t\t<\/section>\n\t\t\t\t<section class=\"elementor-section elementor-top-section elementor-element elementor-element-3edc6f63 elementor-section-stretched cspt-col-stretched-none cspt-bg-color-over-image elementor-section-boxed elementor-section-height-default elementor-section-height-default\" data-id=\"3edc6f63\" data-element_type=\"section\" data-e-type=\"section\" data-settings=\"{&quot;stretch_section&quot;:&quot;section-stretched&quot;,&quot;background_background&quot;:&quot;classic&quot;}\">\n\t\t\t\t\t\t<div class=\"elementor-container elementor-column-gap-default\">\n\t\t\t\t\t<div class=\"elementor-column elementor-col-50 elementor-top-column elementor-element elementor-element-18f5e652 cspt-bg-color-over-image\" data-id=\"18f5e652\" data-element_type=\"column\" data-e-type=\"column\">\n\t\t\t<div class=\"elementor-widget-wrap\">\n\t\t\t\t\t\t\t<\/div>\n\t\t<\/div>\n\t\t\t\t<div class=\"elementor-column elementor-col-50 elementor-top-column elementor-element elementor-element-19844913 cspt-bg-color-over-image\" data-id=\"19844913\" data-element_type=\"column\" data-e-type=\"column\">\n\t\t\t<div class=\"elementor-widget-wrap elementor-element-populated\">\n\t\t\t\t\t\t<div class=\"elementor-element elementor-element-4a325a23 elementor-widget elementor-widget-cspt_testimonial_element\" data-id=\"4a325a23\" data-element_type=\"widget\" data-e-type=\"widget\" data-widget_type=\"cspt_testimonial_element.default\">\n\t\t\t\t<div class=\"elementor-widget-container\">\n\t\t\t\t\t\r\n\t\t<div class=\"creativesplanet-element creativesplanet-element-testimonial cspt-element-testimonial-style-1 creativesplanet-element-viewtype-carousel creativesplanet-gap-15px\" data-show=\"3\" data-columns=\"1\" data-loop=\"false\" data-autoplay=\"false\" data-center=\"false\" data-nav=\"false\" data-dots=\"true\" data-autoplayspeed=\"1000\" data-margin=\"15px\"><div class=\"creativesplanet-element-inner\">\r\n\t\t\r\n\t\t\t<div class=\"cspt-ele-header-area\">\r\n\t\t\t\t\t<div class=\"cspt-heading-subheading left-align\"><\/div>\r\n\t\t\t\t\r\n\t\t\t<\/div>\r\n\r\n\t\t\t<div class=\"cspt-element-posts-wrapper row multi-columns-row\">\r\n\r\n\t\t\t<div class=\"cspt-ele cspt-testimonial-ele col-md-12 general cspt-term-16\"><article class=\"creativesplanet-ele creativesplanet-ele-testimonial cspt-testimonial-style-1 cspt-testimonial-active\"><div class=\"creativesplanet-post-item\">\r\n\t<div class=\"creativesplanet-box-content\">\t\t\r\n\t\t<div class=\"creativesplanet-box-desc\">\r\n\t\t\t<blockquote class=\"creativesplanet-testimonial-text\"><p>ESS es apasionado por ver el \u00e9xito de los proyectos de energ\u00eda sostenible. Su minuciosa atenci\u00f3n a los detalles y su seguimiento constante de los cambios en las normas y los reembolsos significa que puedo centrarme en implementar sistemas sin distracciones. Los planes que elaboran se aseguran de ser claros y bien presentados, mientras proporcionan la informaci\u00f3n esencial y completa para los revisores. El equipo de ESS tambi\u00e9n apoya nuestro \u00e9xito manteni\u00e9ndonos actualizados sobre nuevas tecnolog\u00edas y productos. Estamos muy contentos con Essential Solar Services.<\/p>\n<\/blockquote>\r\n\t\t<\/div>\t\t\r\n\t\t<div class=\"creativesplanet-box-author\">\t\r\n\t\t<div class=\"creativesplanet-box-author-inner\">\t\r\n\t\t    <div class=\"creativesplanet-box-img\"><div class=\"cspt-featured-wrapper\"><a href=\"https:\/\/essentialsolarservices.com\/es\/testimonial\/mark-donald\/\"><img decoding=\"async\" width=\"150\" height=\"150\" src=\"https:\/\/essentialsolarservices.com\/wp-content\/uploads\/2022\/02\/solar-panels-for-home-ESS-light-ray.jpg?wsr\" class=\"attachment-thumbnail size-thumbnail wp-post-image\" alt=\"\" data-id=\"908\" \/><\/a><\/div><\/div>\t\r\n\t\t\t<h3 class=\"creativesplanet-box-title\">Ross Eppler<\/h3>\t\t\t\r\n\t\t\t<span class=\"cspt-designation\">Owner Light Ray Electric<\/span>\t\t<\/div>\r\n\t\t<div class=\"creativesplanet-box-star-rating\">\r\n\t\t\t<div class=\"creativesplanet-box-star-ratings\"><i class=\"cspt-base-icon-star cspt-globalcolor cspt-active\"><\/i><i class=\"cspt-base-icon-star cspt-globalcolor cspt-active\"><\/i><i class=\"cspt-base-icon-star cspt-globalcolor cspt-active\"><\/i><i class=\"cspt-base-icon-star cspt-globalcolor cspt-active\"><\/i><i class=\"cspt-base-icon-star cspt-globalcolor cspt-active\"><\/i><\/div>\t\t<\/div>\r\n\t\t<\/div>\r\n\t<\/div>\t\r\n<\/div><\/article><\/div>\r\n\t\t\t<\/div>\r\n\r\n\t\t\t\r\n\t\t\r\n\t\t<\/div><!-- .creativesplanet-element-inner -->   <\/div><!-- .creativesplanet-element -->  \r\n\t    \t\t\t\t<\/div>\n\t\t\t\t<\/div>\n\t\t\t\t\t<\/div>\n\t\t<\/div>\n\t\t\t\t\t<\/div>\n\t\t<\/section>\n\t\t\t\t<section class=\"elementor-section elementor-top-section elementor-element elementor-element-2ef30667 cspt-bg-color-yes cspt-elementor-bg-color-light elementor-section-stretched cspt-col-stretched-none cspt-bg-color-over-image elementor-section-boxed elementor-section-height-default elementor-section-height-default\" data-id=\"2ef30667\" data-element_type=\"section\" data-e-type=\"section\" data-settings=\"{&quot;stretch_section&quot;:&quot;section-stretched&quot;}\">\n\t\t\t\t\t\t<div class=\"elementor-container elementor-column-gap-default\">\n\t\t\t\t\t<div class=\"elementor-column elementor-col-100 elementor-top-column elementor-element elementor-element-c0b0ed5 cspt-bg-color-over-image\" data-id=\"c0b0ed5\" data-element_type=\"column\" data-e-type=\"column\">\n\t\t\t<div class=\"elementor-widget-wrap elementor-element-populated\">\n\t\t\t\t\t\t<div class=\"elementor-element elementor-element-d3f5a1a elementor-widget elementor-widget-cspt_team_element\" data-id=\"d3f5a1a\" data-element_type=\"widget\" data-e-type=\"widget\" data-widget_type=\"cspt_team_element.default\">\n\t\t\t\t<div class=\"elementor-widget-container\">\n\t\t\t\t\t\r\n\t\t<div class=\"creativesplanet-element creativesplanet-element-team cspt-element-team-style-2 creativesplanet-element-viewtype-row-column creativesplanet-gap-30px\" data-show=\"4\" data-columns=\"4\" data-loop=\"false\" data-autoplay=\"false\" data-center=\"false\" data-nav=\"false\" data-dots=\"false\" data-autoplayspeed=\"1000\" data-margin=\"30px\"><div class=\"creativesplanet-element-inner\">\r\n\t\t\r\n\t\t\t\t\t\t<div class=\"cspt-ele-header-area\">\r\n\t\t\t\t\t<div class=\"cspt-heading-subheading center-align cspt-reverse-heading-yes\"><h4 class=\"cspt-element-subtitle\">\r\n\t\t\t\r\n\t\t\t\tOUR TEAM\r\n\t\t\t\r\n\t\t\t<\/h4>\r\n\t\t<h2 class=\"cspt-element-title\">\r\n\t\t\t\r\n\t\t\t\tOur Specialists Meet<br>\nLeadership Team\r\n\t\t\t\r\n\t\t\t<\/h2>\r\n\t\t<\/div>\t\t\t\t\t\t\t<\/div>\r\n\t\t\t\t\t\t\r\n\t\t\t\r\n\t\t\t<div class=\"cspt-element-posts-wrapper row multi-columns-row\">\r\n\r\n\t\t\t<div class=\"cspt-ele cspt-team-ele col-md-6 col-lg-3\"><article class=\"creativesplanet-ele creativesplanet-ele-team cspt-team-style-2\">\r\n\t<div class=\"creativesplanet-post-item\">\r\n\t\t<div class=\"creativesplanet-team-image-box\">\t\t\t\r\n\t\t\t<div class=\"cspt-featured-wrapper\"><a href=\"https:\/\/essentialsolarservices.com\/es\/team-member\/alexa-angel\/\"><img fetchpriority=\"high\" decoding=\"async\" width=\"500\" height=\"580\" src=\"https:\/\/essentialsolarservices.com\/wp-content\/uploads\/2018\/12\/img-07-500x580.jpg?wsr\" class=\"attachment-cspt-img-500x580 size-cspt-img-500x580 wp-post-image\" alt=\"\" data-id=\"31\" \/><\/a><\/div>\t\t<\/div>\r\n\t\t<div class=\"creativesplanet-box-content\">\r\n\t\t\t<div class=\"creativesplanet-box-content-inner\">\r\n\t\t\t\t<div class=\"creativesplanet-box-team-position\">\r\n\t\t\t\t\t\t\t<div class=\"creativesplanet-box-team-position\">Manager<\/div>\r\n\t\t\t\t\t\t<\/div>\t\r\n\t\t\t\t<h3 class=\"cspt-team-title\"><a href=\"https:\/\/essentialsolarservices.com\/es\/team-member\/alexa-angel\/\">Alexa Angel<\/a><\/h3>\r\n\t\t\t<\/div>\r\n\t\t\t<div class=\"creativesplanet-box-social-links\"><ul class=\"cspt-social-links cspt-team-social-links\"><li class=\"cspt-social-li cspt-social-facebook\"><a href=\"#\" title=\"Facebook\" target=\"_blank\"><span><i class=\"cspt-base-icon-facebook-squared\"><\/i><\/span><\/a><\/li><li class=\"cspt-social-li cspt-social-twitter\"><a href=\"#\" title=\"Twitter\" target=\"_blank\"><span><i class=\"cspt-base-icon-twitter-1\"><\/i><\/span><\/a><\/li><li class=\"cspt-social-li cspt-social-linkedin\"><a href=\"#\" title=\"LinkedIn\" target=\"_blank\"><span><i class=\"cspt-base-icon-linkedin-squared\"><\/i><\/span><\/a><\/li><\/ul><\/div>\t\t\r\n\t\t<\/div>\t\t\r\n\t<\/div>\r\n<\/article>\r\n <\/div><div class=\"cspt-ele cspt-team-ele col-md-6 col-lg-3\"><article class=\"creativesplanet-ele creativesplanet-ele-team cspt-team-style-2\">\r\n\t<div class=\"creativesplanet-post-item\">\r\n\t\t<div class=\"creativesplanet-team-image-box\">\t\t\t\r\n\t\t\t<div class=\"cspt-featured-wrapper\"><a href=\"https:\/\/essentialsolarservices.com\/es\/team-member\/john-smith\/\"><img fetchpriority=\"high\" decoding=\"async\" width=\"500\" height=\"580\" src=\"https:\/\/essentialsolarservices.com\/wp-content\/uploads\/2018\/12\/img-07-500x580.jpg?wsr\" class=\"attachment-cspt-img-500x580 size-cspt-img-500x580 wp-post-image\" alt=\"\" data-id=\"31\" \/><\/a><\/div>\t\t<\/div>\r\n\t\t<div class=\"creativesplanet-box-content\">\r\n\t\t\t<div class=\"creativesplanet-box-content-inner\">\r\n\t\t\t\t<div class=\"creativesplanet-box-team-position\">\r\n\t\t\t\t\t\t\t<div class=\"creativesplanet-box-team-position\">Cheif Officer<\/div>\r\n\t\t\t\t\t\t<\/div>\t\r\n\t\t\t\t<h3 class=\"cspt-team-title\"><a href=\"https:\/\/essentialsolarservices.com\/es\/team-member\/john-smith\/\">John Smith<\/a><\/h3>\r\n\t\t\t<\/div>\r\n\t\t\t<div class=\"creativesplanet-box-social-links\"><ul class=\"cspt-social-links cspt-team-social-links\"><li class=\"cspt-social-li cspt-social-facebook\"><a href=\"#\" title=\"Facebook\" target=\"_blank\"><span><i class=\"cspt-base-icon-facebook-squared\"><\/i><\/span><\/a><\/li><li class=\"cspt-social-li cspt-social-twitter\"><a href=\"#\" title=\"Twitter\" target=\"_blank\"><span><i class=\"cspt-base-icon-twitter-1\"><\/i><\/span><\/a><\/li><li class=\"cspt-social-li cspt-social-linkedin\"><a href=\"#\" title=\"LinkedIn\" target=\"_blank\"><span><i class=\"cspt-base-icon-linkedin-squared\"><\/i><\/span><\/a><\/li><\/ul><\/div>\t\t\r\n\t\t<\/div>\t\t\r\n\t<\/div>\r\n<\/article>\r\n <\/div><div class=\"cspt-ele cspt-team-ele col-md-6 col-lg-3\"><article class=\"creativesplanet-ele creativesplanet-ele-team cspt-team-style-2\">\r\n\t<div class=\"creativesplanet-post-item\">\r\n\t\t<div class=\"creativesplanet-team-image-box\">\t\t\t\r\n\t\t\t<div class=\"cspt-featured-wrapper\"><a href=\"https:\/\/essentialsolarservices.com\/es\/team-member\/mark-donald\/\"><img fetchpriority=\"high\" decoding=\"async\" width=\"500\" height=\"580\" src=\"https:\/\/essentialsolarservices.com\/wp-content\/uploads\/2018\/12\/img-07-500x580.jpg?wsr\" class=\"attachment-cspt-img-500x580 size-cspt-img-500x580 wp-post-image\" alt=\"\" data-id=\"31\" \/><\/a><\/div>\t\t<\/div>\r\n\t\t<div class=\"creativesplanet-box-content\">\r\n\t\t\t<div class=\"creativesplanet-box-content-inner\">\r\n\t\t\t\t<div class=\"creativesplanet-box-team-position\">\r\n\t\t\t\t\t\t\t<div class=\"creativesplanet-box-team-position\">Event Manager<\/div>\r\n\t\t\t\t\t\t<\/div>\t\r\n\t\t\t\t<h3 class=\"cspt-team-title\"><a href=\"https:\/\/essentialsolarservices.com\/es\/team-member\/mark-donald\/\">Mark Donald<\/a><\/h3>\r\n\t\t\t<\/div>\r\n\t\t\t<div class=\"creativesplanet-box-social-links\"><ul class=\"cspt-social-links cspt-team-social-links\"><li class=\"cspt-social-li cspt-social-facebook\"><a href=\"#\" title=\"Facebook\" target=\"_blank\"><span><i class=\"cspt-base-icon-facebook-squared\"><\/i><\/span><\/a><\/li><li class=\"cspt-social-li cspt-social-twitter\"><a href=\"#\" title=\"Twitter\" target=\"_blank\"><span><i class=\"cspt-base-icon-twitter-1\"><\/i><\/span><\/a><\/li><li class=\"cspt-social-li cspt-social-linkedin\"><a href=\"#\" title=\"LinkedIn\" target=\"_blank\"><span><i class=\"cspt-base-icon-linkedin-squared\"><\/i><\/span><\/a><\/li><\/ul><\/div>\t\t\r\n\t\t<\/div>\t\t\r\n\t<\/div>\r\n<\/article>\r\n <\/div><div class=\"cspt-ele cspt-team-ele col-md-6 col-lg-3\"><article class=\"creativesplanet-ele creativesplanet-ele-team cspt-team-style-2\">\r\n\t<div class=\"creativesplanet-post-item\">\r\n\t\t<div class=\"creativesplanet-team-image-box\">\t\t\t\r\n\t\t\t<div class=\"cspt-featured-wrapper\"><a href=\"https:\/\/essentialsolarservices.com\/es\/team-member\/julia-taylor\/\"><img fetchpriority=\"high\" decoding=\"async\" width=\"500\" height=\"580\" src=\"https:\/\/essentialsolarservices.com\/wp-content\/uploads\/2018\/12\/img-07-500x580.jpg?wsr\" class=\"attachment-cspt-img-500x580 size-cspt-img-500x580 wp-post-image\" alt=\"\" data-id=\"31\" \/><\/a><\/div>\t\t<\/div>\r\n\t\t<div class=\"creativesplanet-box-content\">\r\n\t\t\t<div class=\"creativesplanet-box-content-inner\">\r\n\t\t\t\t<div class=\"creativesplanet-box-team-position\">\r\n\t\t\t\t\t\t\t<div class=\"creativesplanet-box-team-position\">Project Manager<\/div>\r\n\t\t\t\t\t\t<\/div>\t\r\n\t\t\t\t<h3 class=\"cspt-team-title\"><a href=\"https:\/\/essentialsolarservices.com\/es\/team-member\/julia-taylor\/\">Julia Taylor<\/a><\/h3>\r\n\t\t\t<\/div>\r\n\t\t\t<div class=\"creativesplanet-box-social-links\"><ul class=\"cspt-social-links cspt-team-social-links\"><li class=\"cspt-social-li cspt-social-facebook\"><a href=\"#\" title=\"Facebook\" target=\"_blank\"><span><i class=\"cspt-base-icon-facebook-squared\"><\/i><\/span><\/a><\/li><li class=\"cspt-social-li cspt-social-twitter\"><a href=\"#\" title=\"Twitter\" target=\"_blank\"><span><i class=\"cspt-base-icon-twitter-1\"><\/i><\/span><\/a><\/li><li class=\"cspt-social-li cspt-social-linkedin\"><a href=\"#\" title=\"LinkedIn\" target=\"_blank\"><span><i class=\"cspt-base-icon-linkedin-squared\"><\/i><\/span><\/a><\/li><\/ul><\/div>\t\t\r\n\t\t<\/div>\t\t\r\n\t<\/div>\r\n<\/article>\r\n <\/div>\r\n\r\n\t\t\t<\/div>\r\n\r\n\t\t\t\r\n\t\t\r\n\t\t<\/div><!-- .creativesplanet-element-inner -->   <\/div><!-- .creativesplanet-element -->  \r\n\t    \t\t\t\t<\/div>\n\t\t\t\t<\/div>\n\t\t\t\t\t<\/div>\n\t\t<\/div>\n\t\t\t\t\t<\/div>\n\t\t<\/section>\n\t\t\t\t<\/div>","protected":false},"excerpt":{"rendered":"<p>About us Energy Generated From Natural Resources! We have been destroying the forests for whatever reasons for many years. Forests that work much like our lungs It is a long established fact that a reader will be distracted by the readable content of a page.We have been destroying the forests for whatever reasons for many years. Forests that work much like our lungs It is a long established fact that[&hellip;]<\/p>\n","protected":false},"author":1,"featured_media":0,"parent":0,"menu_order":9,"comment_status":"closed","ping_status":"closed","template":"","meta":{"_acf_changed":false,"_themeisle_gutenberg_block_has_review":false,"footnotes":""},"class_list":["post-76","page","type-page","status-publish","hentry"],"acf":[],"_links":{"self":[{"href":"https:\/\/essentialsolarservices.com\/es\/wp-json\/wp\/v2\/pages\/76","targetHints":{"allow":["GET"]}}],"collection":[{"href":"https:\/\/essentialsolarservices.com\/es\/wp-json\/wp\/v2\/pages"}],"about":[{"href":"https:\/\/essentialsolarservices.com\/es\/wp-json\/wp\/v2\/types\/page"}],"author":[{"embeddable":true,"href":"https:\/\/essentialsolarservices.com\/es\/wp-json\/wp\/v2\/users\/1"}],"replies":[{"embeddable":true,"href":"https:\/\/essentialsolarservices.com\/es\/wp-json\/wp\/v2\/comments?post=76"}],"version-history":[{"count":0,"href":"https:\/\/essentialsolarservices.com\/es\/wp-json\/wp\/v2\/pages\/76\/revisions"}],"wp:attachment":[{"href":"https:\/\/essentialsolarservices.com\/es\/wp-json\/wp\/v2\/media?parent=76"}],"curies":[{"name":"wp","href":"https:\/\/api.w.org\/{rel}","templated":true}]}}